{"id":4,"date":"2015-09-05T13:24:05","date_gmt":"2015-09-05T11:24:05","guid":{"rendered":"http:\/\/www.vrauenvokalvoels.at\/?page_id=4"},"modified":"2024-02-06T20:29:44","modified_gmt":"2024-02-06T19:29:44","slug":"chorgeschichte","status":"publish","type":"page","link":"http:\/\/www.vrauenvokalvoels.at\/?page_id=4","title":{"rendered":"Unser Chor"},"content":{"rendered":"<h3 style=\"text-align: center;\">Vrauen Vokal V\u00f6ls &#8211; wir stellen uns vor:<\/h3>\n<p><a href=\"http:\/\/www.vrauenvokalvoels.at\/wp-content\/uploads\/2018\/04\/Vera_Chor_Hall-72-683x1024.jpg\"><img loading=\"lazy\" decoding=\"async\" class=\"alignright size-large wp-image-439\" style=\"float: right; width: 302px; height: 453px;\" src=\"http:\/\/www.vrauenvokalvoels.at\/wp-content\/uploads\/2018\/04\/Vera_Chor_Hall-72-683x1024.jpg\" alt=\"Vera_Chor_Hall-72\" width=\"302\" height=\"453\" \/><\/a><\/p>\n<p style=\"text-align: justify; margin-right: 10px; max-width: 480px;\">Im April 1997 wurde die Idee geboren, einen Frauenchor zu gr\u00fcnden. Anfangs trafen sich vier Frauen bei der damaligen Chorleiterin Mag. Gabriela Pleger, um gemeinsam zu singen. Schon bald entstand eine gr\u00f6\u00dfere Gemeinschaft und nach einem Jahr intensiver Arbeit wurde der Entschluss gefasst, einen Verein zu gr\u00fcnden. Seit November 1998 nennt sich der Frauenchor offiziell &#8220;Vrauen Vokal V\u00f6ls&#8221;. Das &#8220;V&#8221; der Vrauen ist kein Rechtschreibfehler &#8211; es kann mit dem Namen V\u00f6ls in Verbindung gebracht werden, aber auch auf die Vielfalt des Repertoires hinweisen, das sich der Chor im Laufe der letzten Jahre angeeignet hat. Nach den Chorleiterinnen Judith K\u00f6gler, Waltraud Windhofer und Karoline Tutzer hat mit September 2022 erstmals ein Mann, Simon Lehner, die Leitung \u00fcbernommen.<\/p>\n<p style=\"text-align: justify; margin-right: 10px; max-width: 480px;\">Montags von 20.00 bis 22.00 Uhr proben wir regelm\u00e4ssig im V\u00f6lser Widum. Neben der konzentrierten Probenarbeit mit viel Stimmbildung nehmen wir uns auch Zeit zum Feiern, f\u00fcr Ausfl\u00fcge und Fortbildungswochenenden.<\/p>\n","protected":false},"excerpt":{"rendered":"<p>Vrauen Vokal V\u00f6ls &#8211; wir stellen uns vor: Im April 1997 wurde die Idee geboren, einen Frauenchor zu gr\u00fcnden. Anfangs trafen sich vier Frauen bei der damaligen Chorleiterin Mag. Gabriela Pleger, um gemeinsam zu singen. Schon bald entstand eine gr\u00f6\u00dfere Gemeinschaft und nach einem Jahr intensiver Arbeit wurde der Entschluss gefasst, einen Verein zu gr\u00fcnden. &hellip; <a href=\"http:\/\/www.vrauenvokalvoels.at\/?page_id=4\" class=\"more-link\"><span class=\"screen-reader-text\">Unser Chor<\/span> weiterlesen <span class=\"meta-nav\">&rarr;<\/span><\/a><\/p>\n","protected":false},"author":1,"featured_media":0,"parent":0,"menu_order":0,"comment_status":"closed","ping_status":"closed","template":"","meta":{"footnotes":""},"class_list":["post-4","page","type-page","status-publish","hentry"],"_links":{"self":[{"href":"http:\/\/www.vrauenvokalvoels.at\/index.php?rest_route=\/wp\/v2\/pages\/4","targetHints":{"allow":["GET"]}}],"collection":[{"href":"http:\/\/www.vrauenvokalvoels.at\/index.php?rest_route=\/wp\/v2\/pages"}],"about":[{"href":"http:\/\/www.vrauenvokalvoels.at\/index.php?rest_route=\/wp\/v2\/types\/page"}],"author":[{"embeddable":true,"href":"http:\/\/www.vrauenvokalvoels.at\/index.php?rest_route=\/wp\/v2\/users\/1"}],"replies":[{"embeddable":true,"href":"http:\/\/www.vrauenvokalvoels.at\/index.php?rest_route=%2Fwp%2Fv2%2Fcomments&post=4"}],"version-history":[{"count":33,"href":"http:\/\/www.vrauenvokalvoels.at\/index.php?rest_route=\/wp\/v2\/pages\/4\/revisions"}],"predecessor-version":[{"id":577,"href":"http:\/\/www.vrauenvokalvoels.at\/index.php?rest_route=\/wp\/v2\/pages\/4\/revisions\/577"}],"wp:attachment":[{"href":"http:\/\/www.vrauenvokalvoels.at\/index.php?rest_route=%2Fwp%2Fv2%2Fmedia&parent=4"}],"curies":[{"name":"wp","href":"https:\/\/api.w.org\/{rel}","templated":true}]}}